{"id":362,"date":"2020-10-08T12:23:43","date_gmt":"2020-10-08T10:23:43","guid":{"rendered":"https:\/\/demo.hotel-webdesign.fr\/?page_id=362"},"modified":"2022-07-21T12:37:52","modified_gmt":"2022-07-21T10:37:52","slug":"exemples-de-sites","status":"publish","type":"page","link":"https:\/\/demo.france-webdesign.com\/en\/","title":{"rendered":"Examples of sites"},"content":{"rendered":"<p>[et_pb_section fb_built=\"1\u2033 admin_label=\"Projects \" _builder_version=\"4.16\u2033 custom_padding=\"0px|0px|0|0px|false|false \" global_colors_info=\"{} \"][et_pb_row column_structure=\"1_2,1_2\u2033 make_equal=\"on \" padding_top_bottom_link_1=\"true \" padding_top_bottom_link_2=\"false \" _builder_version=\"4.16\u2033 custom_margin=\"22px|auto|46px|auto|false| \" custom_padding=\"0|0px|0|0px|true|false \" animation_style=\"slide \" animation_direction=\"right \" animation_intensity_slide=\"1% \" box_shadow_style=\"preset4\u2033 box_shadow_horizontal=\"-780px \" box_shadow_vertical=\"0px \" box_shadow_color=\"#f5f6f9\u2033 global_colors_info=\"{} \"][et_pb_column type=\"1_2\u2033 _builder_version=\"4.16\u2033 use_background_color_gradient=\"on \" background_color_gradient_direction=\"90deg \" background_color_gradient_stops=\"#f5f6f9 50%|rgba(245,246,249,0) 50% \" background_color_gradient_start=\"#f5f6f9\u2033 background_color_gradient_start_position=\"50% \" background_color_gradient_end=\"rgba(245,246,249,0) \" background_color_gradient_end_position=\"0% \" custom_padding=\"60px||60px| \" global_colors_info=\"{} \" custom_padding__hover=\"||| \"][et_pb_image src= \"https:\/\/demo.france-webdesign.com\/wp-content\/uploads\/2020\/10\/web-dev-14.png \" title_text=\"web-dev-14\u2033 align_tablet=\"center \" align_phone=\" \" align_last_edited=\"on|desktop \" _builder_version=\"4.16\u2033 custom_margin=\"|||-20% \" custom_margin_tablet=\"|||-10% \" custom_margin_phone=\"||| \" custom_margin_last_edited=\"on|phone \" custom_padding=\"33px||||| \" locked=\"off \" global_colors_info=\"{} \"][\/et_pb_image][\/et_pb_column][et_pb_column type=\"1_2\u2033 _builder_version=\"4.16\u2033 custom_padding=\"80px||40px| \" custom_padding_tablet=\"0px||| \" custom_padding_phone= \" \" custom_padding_last_edited=\"on|tablet \" global_colors_info= \"{} \" padding_tablet=\"0px||| \" padding_last_edited=\"on|tablet \" custom_padding__hover=\"||| \" padding_phone=\"0px||| \"][et_pb_text _builder_version=\"4.16\u2033 text_font=\"|||||||| \" text_line_height=\"2em \" header_font=\"Raleway|||||||| \" header_font_size=\"42px \" header_3_font=\"Lato|900||||||| \" header_3_font_size=\"35px \" header_3_line_height=\"1.5em \" header_4_font=\"Lato|700||on||||| \" header_4_text_color=\"rgba(12,12,12,0.27) \" header_4_font_size=\"13px \" header_4_letter_spacing=\"3px \" header_4_line_height=\"1.8em \" custom_padding=\"0px||||| \" header_3_font_size_tablet= \" \" header_3_font_size_phone=\"25px \" header_3_font_size_last_edited=\"on|phone \" locked=\"off \" global_colors_info=\"{}\"]<\/p>\n<h1>Examples of websites<\/h1>\n<p><span><\/span><\/p>\n<p><span>Find out more about <strong>examples (or themes) of websites<\/strong> that our web agency can put in place for you in a very short time.<\/p>\n<p><strong>Each of these themes is fully customisable to your taste: colours, text, images, layout of elements, animations... everything can be modified from a theme.<\/strong><br \/><\/span><\/p>\n<p><span> Navigate between the different site themes using the menu at the top of the page.\u00a0<\/span><\/p>\n<p><span>On this site, you will find only two pages for each theme. However, we can provide you with many more pages for each theme, and we have themes not presented here that will be added to this site over time.\u00a0<\/span><\/p>\n<p><span><\/span><\/p>\n<p>[et_pb_text][et_pb_button button_url=\"https:\/\/www.france-webdesign.com\/contact \" button_text=\"Any questions? _builder_version=\"4.16\u2033 _module_preset=\"default \" custom_button=\"on \" button_text_color=\"#000000\u2033 button_bg_color=\"#efefef \" button_border_width=\"0px \" button_border_color=\"#000000\u2033 button_border_radius=\"0px \" button_use_icon=\"off \" custom_margin=\"||||false|false \" custom_padding=\"||||false|false \" global_colors_info=\"{} \"][\/et_pb_button][\/et_pb_column][\/et_pb_row][\/et_pb_section][et_pb_section fb_built=\"1\u2033 fullwidth=\"on \" admin_label=\"CTA \" _builder_version=\"4.16\u2033 background_color=\"#000000\u2033 background_color_gradient_direction=\"90deg \" background_image=\"https:\/\/demo.france-webdesign.com\/wp-content\/uploads\/2020\/10\/web-dev-05.png \" parallax=\"on \" global_colors_info=\"{} \"][et_pb_fullwidth_header title=\"Do you like a website theme?\" subhead=\"Contact us to receive the offer\" text_orientation=\"center \" button_one_text=\"Contact \" button_one_url=\"mailto:contact@france-webdesign.com \" button_two_text=\"The agency's website\" button_two_url=\"https:\/\/www.france-webdesign.com \" _builder_version=\"4.16\u2033 title_font=\"Lato|900||||||| \" title_font_size=\"40px \" title_line_height=\"1.5em \" content_font=\"|||||||| \" content_font_size=\"16px \" content_line_height=\"2em \" subhead_font=\"|700||on||||| \" subhead_text_color=\"rgba(255,255,255,0.5) \" subhead_font_size=\"14px \" subhead_letter_spacing=\"2px \" background_color=\"rgba(0,0,0,0) \" custom_button_one=\"on \" button_one_text_size=\"14px \" button_one_text_color=\"#ffffff \" button_one_bg_color=\"#e02b20\u2033 button_one_border_width=\"14px \" button_one_border_color=\"rgba(0,0,0,0) \" button_one_border_radius=\"0px \" button_one_letter_spacing=\"2px \" button_one_font=\"|600||on||||| \" button_one_icon=\"9||divi||400\u2033 button_one_on_hover=\"off \" custom_button_two=\"on \" button_two_text_size=\"14px \" button_two_text_color=\"#ffffff \" button_two_bg_color=\"rgba(255,255,255,0) \" button_two_border_width=\"12px \" button_two_border_color=\"rgba(0,0,0,0) \" button_two_border_radius=\"0px \" button_two_letter_spacing=\"2px \" button_two_font=\"|600||on||||| \" button_two_icon=\"9||divi||400\u2033 button_two_on_hover=\"off \" custom_margin=\"||| \" custom_padding=\"5vw||5vw|||true| \" animation_style=\"zoom \" animation_intensity_zoom=\"-5% \" link_option_url_new_window=\"on \" title_font_size_tablet= \" \" title_font_size_phone=\"25px \" title_font_size_last_edited=\"on|desktop \" box_shadow_style_button_two=\"preset1\u2033 box_shadow_vertical_button_two=\"0px \" box_shadow_blur_button_two=\"0px \" box_shadow_spread_button_two=\"2px \" box_shadow_color_button_two=\"#e02b20\u2033 button_one_letter_spacing_hover=\"2px \" button_two_letter_spacing_hover=\"2px \" locked=\"off \" global_colors_info=\"{} \" button_one_text_size__hover_enabled=\"off \" button_two_text_size__hover_enabled=\"off \" button_one_text_color__hover_enabled=\"off \" button_two_text_color__hover_enabled=\"off \" button_one_border_width__hover_enabled=\"off \" button_two_border_width__hover_enabled=\"off \" button_one_border_color__hover_enabled= \"off \" button_two_border_color__hover_enabled=\"off \" button_one_border_radius__hover_enabled=\"off \" button_two_border_radius__hover_enabled= \"off \" button_one_letter_spacing__hover_enabled=\"on \" button_one_letter_spacing__hover=\"2px \" button_two_letter_spacing__hover_enabled=\"on \" button_two_letter_spacing__hover=\"2px \" button_one_bg_color__hover_enabled=\"off \" button_two_bg_color__hover_enabled=\"off \"][\/et_pb_fullwidth_header][\/et_pb_section]<\/p>","protected":false},"excerpt":{"rendered":"<p>Examples of websites Discover on this site several examples (or themes) of websites that our web agency can set up for you in a very short time. Each of these themes is fully customisable to your taste: colours, texts, images, layout of elements, animations... everything can be modified starting from a theme. Browse between [...]<\/p>","protected":false},"author":2,"featured_media":0,"parent":0,"menu_order":0,"comment_status":"closed","ping_status":"closed","template":"","meta":{"_et_pb_use_builder":"on","_et_pb_old_content":"","_et_gb_content_width":"","footnotes":""},"class_list":["post-362","page","type-page","status-publish","hentry"],"yoast_head":"<!-- This site is optimized with the Yoast SEO plugin v27.5 - https:\/\/yoast.com\/product\/yoast-seo-wordpress\/ -->\n<title>Exemples de sites - Exemples de sites internet<\/title>\n<meta name=\"robots\" content=\"index, follow, max-snippet:-1, max-image-preview:large, max-video-preview:-1\" \/>\n<link rel=\"canonical\" href=\"https:\/\/demo.france-webdesign.com\/en\/\" \/>\n<meta property=\"og:locale\" content=\"en_GB\" \/>\n<meta property=\"og:type\" content=\"article\" \/>\n<meta property=\"og:title\" content=\"Exemples de sites - Exemples de sites internet\" \/>\n<meta property=\"og:description\" content=\"Exemples de sites internet D\u00e9couvrez sur ce site plusieurs exemples (ou th\u00e8mes) de sites internet que notre agence web peut mettre en place pour vous en peu de temps.Chacun de ces th\u00e8mes est enti\u00e8rement personnalisable \u00e0 votre go\u00fbt: couleurs, textes, images, disposition des \u00e9l\u00e9ments, animations... tout peut \u00eatre modifi\u00e9 en partant d&#039;un th\u00e8me. Naviguez entre [&hellip;]\" \/>\n<meta property=\"og:url\" content=\"https:\/\/demo.france-webdesign.com\/en\/\" \/>\n<meta property=\"og:site_name\" content=\"Exemples de sites internet\" \/>\n<meta property=\"article:modified_time\" content=\"2022-07-21T10:37:52+00:00\" \/>\n<meta name=\"twitter:card\" content=\"summary_large_image\" \/>\n<meta name=\"twitter:label1\" content=\"Estimated reading time\" \/>\n\t<meta name=\"twitter:data1\" content=\"2 minutes\" \/>\n<script type=\"application\/ld+json\" class=\"yoast-schema-graph\">{\"@context\":\"https:\\\/\\\/schema.org\",\"@graph\":[{\"@type\":\"WebPage\",\"@id\":\"https:\\\/\\\/demo.france-webdesign.com\\\/\",\"url\":\"https:\\\/\\\/demo.france-webdesign.com\\\/\",\"name\":\"Exemples de sites - Exemples de sites internet\",\"isPartOf\":{\"@id\":\"https:\\\/\\\/demo.france-webdesign.com\\\/#website\"},\"datePublished\":\"2020-10-08T10:23:43+00:00\",\"dateModified\":\"2022-07-21T10:37:52+00:00\",\"breadcrumb\":{\"@id\":\"https:\\\/\\\/demo.france-webdesign.com\\\/#breadcrumb\"},\"inLanguage\":\"en-GB\",\"potentialAction\":[{\"@type\":\"ReadAction\",\"target\":[\"https:\\\/\\\/demo.france-webdesign.com\\\/\"]}]},{\"@type\":\"BreadcrumbList\",\"@id\":\"https:\\\/\\\/demo.france-webdesign.com\\\/#breadcrumb\",\"itemListElement\":[{\"@type\":\"ListItem\",\"position\":1,\"name\":\"Accueil\",\"item\":\"https:\\\/\\\/demo.france-webdesign.com\\\/\"},{\"@type\":\"ListItem\",\"position\":2,\"name\":\"Exemples de sites\"}]},{\"@type\":\"WebSite\",\"@id\":\"https:\\\/\\\/demo.france-webdesign.com\\\/#website\",\"url\":\"https:\\\/\\\/demo.france-webdesign.com\\\/\",\"name\":\"Exemples de sites internet\",\"description\":\"\",\"publisher\":{\"@id\":\"https:\\\/\\\/demo.france-webdesign.com\\\/#organization\"},\"potentialAction\":[{\"@type\":\"SearchAction\",\"target\":{\"@type\":\"EntryPoint\",\"urlTemplate\":\"https:\\\/\\\/demo.france-webdesign.com\\\/?s={search_term_string}\"},\"query-input\":{\"@type\":\"PropertyValueSpecification\",\"valueRequired\":true,\"valueName\":\"search_term_string\"}}],\"inLanguage\":\"en-GB\"},{\"@type\":\"Organization\",\"@id\":\"https:\\\/\\\/demo.france-webdesign.com\\\/#organization\",\"name\":\"France Web-Design\",\"url\":\"https:\\\/\\\/demo.france-webdesign.com\\\/\",\"logo\":{\"@type\":\"ImageObject\",\"inLanguage\":\"en-GB\",\"@id\":\"https:\\\/\\\/demo.france-webdesign.com\\\/#\\\/schema\\\/logo\\\/image\\\/\",\"url\":\"https:\\\/\\\/demo.france-webdesign.com\\\/wp-content\\\/uploads\\\/2020\\\/10\\\/favicon-france-webdesign.png\",\"contentUrl\":\"https:\\\/\\\/demo.france-webdesign.com\\\/wp-content\\\/uploads\\\/2020\\\/10\\\/favicon-france-webdesign.png\",\"width\":385,\"height\":385,\"caption\":\"France Web-Design\"},\"image\":{\"@id\":\"https:\\\/\\\/demo.france-webdesign.com\\\/#\\\/schema\\\/logo\\\/image\\\/\"}}]}<\/script>\n<!-- \/ Yoast SEO plugin. -->","yoast_head_json":{"title":"Exemples de sites - Exemples de sites internet","robots":{"index":"index","follow":"follow","max-snippet":"max-snippet:-1","max-image-preview":"max-image-preview:large","max-video-preview":"max-video-preview:-1"},"canonical":"https:\/\/demo.france-webdesign.com\/en\/","og_locale":"en_GB","og_type":"article","og_title":"Exemples de sites - Exemples de sites internet","og_description":"Exemples de sites internet D\u00e9couvrez sur ce site plusieurs exemples (ou th\u00e8mes) de sites internet que notre agence web peut mettre en place pour vous en peu de temps.Chacun de ces th\u00e8mes est enti\u00e8rement personnalisable \u00e0 votre go\u00fbt: couleurs, textes, images, disposition des \u00e9l\u00e9ments, animations... tout peut \u00eatre modifi\u00e9 en partant d'un th\u00e8me. Naviguez entre [&hellip;]","og_url":"https:\/\/demo.france-webdesign.com\/en\/","og_site_name":"Exemples de sites internet","article_modified_time":"2022-07-21T10:37:52+00:00","twitter_card":"summary_large_image","twitter_misc":{"Estimated reading time":"2 minutes"},"schema":{"@context":"https:\/\/schema.org","@graph":[{"@type":"WebPage","@id":"https:\/\/demo.france-webdesign.com\/","url":"https:\/\/demo.france-webdesign.com\/","name":"Exemples de sites - Exemples de sites internet","isPartOf":{"@id":"https:\/\/demo.france-webdesign.com\/#website"},"datePublished":"2020-10-08T10:23:43+00:00","dateModified":"2022-07-21T10:37:52+00:00","breadcrumb":{"@id":"https:\/\/demo.france-webdesign.com\/#breadcrumb"},"inLanguage":"en-GB","potentialAction":[{"@type":"ReadAction","target":["https:\/\/demo.france-webdesign.com\/"]}]},{"@type":"BreadcrumbList","@id":"https:\/\/demo.france-webdesign.com\/#breadcrumb","itemListElement":[{"@type":"ListItem","position":1,"name":"Accueil","item":"https:\/\/demo.france-webdesign.com\/"},{"@type":"ListItem","position":2,"name":"Exemples de sites"}]},{"@type":"WebSite","@id":"https:\/\/demo.france-webdesign.com\/#website","url":"https:\/\/demo.france-webdesign.com\/","name":"Exemples de sites internet","description":"","publisher":{"@id":"https:\/\/demo.france-webdesign.com\/#organization"},"potentialAction":[{"@type":"SearchAction","target":{"@type":"EntryPoint","urlTemplate":"https:\/\/demo.france-webdesign.com\/?s={search_term_string}"},"query-input":{"@type":"PropertyValueSpecification","valueRequired":true,"valueName":"search_term_string"}}],"inLanguage":"en-GB"},{"@type":"Organization","@id":"https:\/\/demo.france-webdesign.com\/#organization","name":"France Web-Design","url":"https:\/\/demo.france-webdesign.com\/","logo":{"@type":"ImageObject","inLanguage":"en-GB","@id":"https:\/\/demo.france-webdesign.com\/#\/schema\/logo\/image\/","url":"https:\/\/demo.france-webdesign.com\/wp-content\/uploads\/2020\/10\/favicon-france-webdesign.png","contentUrl":"https:\/\/demo.france-webdesign.com\/wp-content\/uploads\/2020\/10\/favicon-france-webdesign.png","width":385,"height":385,"caption":"France Web-Design"},"image":{"@id":"https:\/\/demo.france-webdesign.com\/#\/schema\/logo\/image\/"}}]}},"_links":{"self":[{"href":"https:\/\/demo.france-webdesign.com\/en\/wp-json\/wp\/v2\/pages\/362","targetHints":{"allow":["GET"]}}],"collection":[{"href":"https:\/\/demo.france-webdesign.com\/en\/wp-json\/wp\/v2\/pages"}],"about":[{"href":"https:\/\/demo.france-webdesign.com\/en\/wp-json\/wp\/v2\/types\/page"}],"author":[{"embeddable":true,"href":"https:\/\/demo.france-webdesign.com\/en\/wp-json\/wp\/v2\/users\/2"}],"replies":[{"embeddable":true,"href":"https:\/\/demo.france-webdesign.com\/en\/wp-json\/wp\/v2\/comments?post=362"}],"version-history":[{"count":0,"href":"https:\/\/demo.france-webdesign.com\/en\/wp-json\/wp\/v2\/pages\/362\/revisions"}],"wp:attachment":[{"href":"https:\/\/demo.france-webdesign.com\/en\/wp-json\/wp\/v2\/media?parent=362"}],"curies":[{"name":"wp","href":"https:\/\/api.w.org\/{rel}","templated":true}]}}